{"id":893,"date":"2019-11-08T13:31:20","date_gmt":"2019-11-08T12:31:20","guid":{"rendered":"http:\/\/impreza20.us-themes.com\/?page_id=13"},"modified":"2026-03-25T08:01:14","modified_gmt":"2026-03-25T07:01:14","slug":"logos","status":"publish","type":"page","link":"https:\/\/brandmanual.aufbau-nord.de\/?page_id=893","title":{"rendered":"Logos"},"content":{"rendered":"<section class=\"l-section wpb_row height_custom color_primary\"><div class=\"l-section-h i-cf\"><div class=\"g-cols vc_row type_default valign_top\"><div class=\"vc_col-sm-12 vc_col-lg-4 vc_col-md-12 vc_col-xs-12 wpb_column vc_column_container\"><div class=\"vc_column-inner\"><div class=\"wpb_wrapper\"><div class=\"wpb_text_column\" ><div class=\"wpb_wrapper\"><h1>Das Logo<\/h1>\n<\/div><\/div><\/div><\/div><\/div><div class=\"vc_col-sm-12 vc_col-lg-8 vc_col-md-12 vc_col-xs-12 wpb_column vc_column_container\"><div class=\"vc_column-inner\"><div class=\"wpb_wrapper\"><div class=\"wpb_text_column us_custom_751fd8af\" ><div class=\"wpb_wrapper\"><p data-start=\"145\" data-end=\"363\">Das CONDIAS Logo setzt sich aus der Bildmarke, dem stilisierten Molek\u00fcl, und der Wortmarke CONDIAS zusammen. Es ist das zentrale Identit\u00e4tsmerkmal der Marke und bildet die visuelle Grundlage aller Kommunikationsmittel.<\/p>\n<p data-start=\"365\" data-end=\"606\">Erg\u00e4nzt wird das Logo durch die Unterzeile <strong data-start=\"408\" data-end=\"433\">\u201eCONDUCTIVE DIAMONDS\u201c<\/strong>, die die zugrunde liegende Technologie beschreibt. Diese Bezeichnung ist fester Bestandteil aller CONDIAS Produkte und unterstreicht den technologischen Anspruch der Marke.<\/p>\n<\/div><\/div><\/div><\/div><\/div><\/div><\/div><\/section><section class=\"l-section wpb_row height_auto color_primary type_sticky\"><div class=\"l-section-h i-cf\"><div class=\"g-cols vc_row type_default valign_top\"><div class=\"vc_col-sm-12 wpb_column vc_column_container\"><div class=\"vc_column-inner\"><div class=\"wpb_wrapper\"><div class=\"w-menu us_custom_37292c13 layout_hor style_links not_responsive us_menu_1\"><ul id=\"menu-logos-sub-menu\" class=\"menu\"><li id=\"menu-item-900\" class=\"menu-item menu-item-type-custom menu-item-object-custom menu-item-900\"><a href=\"#dascondiaslogo\">Das CONDIAS Logo<\/a><\/li><li id=\"menu-item-897\" class=\"menu-item menu-item-type-custom menu-item-object-custom menu-item-897\"><a href=\"#schutzzonen\">Schutzzonen<\/a><\/li><li id=\"menu-item-901\" class=\"menu-item menu-item-type-custom menu-item-object-custom menu-item-901\"><a href=\"#positionierung\">Positionierung<\/a><\/li><li id=\"menu-item-898\" class=\"menu-item menu-item-type-custom menu-item-object-custom menu-item-898\"><a href=\"#sonicht\">So nicht!<\/a><\/li><\/ul><style>.us_menu_1 .menu>li{margin-right:1.5rem}.us_menu_1 .menu>.menu-item:not(.current-menu-item)>a:hover{color:#c83228}.us_menu_1 .menu>.current-menu-item>a{color:#c83228}<\/style><\/div><\/div><\/div><\/div><\/div><\/div><\/section><section class=\"l-section wpb_row height_custom\" id=\"dascondiaslogo\"><div class=\"l-section-h i-cf\"><div class=\"g-cols vc_row type_default valign_top\"><div class=\"vc_col-sm-8 wpb_column vc_column_container stretched\"><div class=\"vc_column-inner\"><div class=\"wpb_wrapper\"><div class=\"w-image align_none\"><div class=\"w-image-h\"><img loading=\"lazy\" decoding=\"async\" width=\"750\" height=\"250\" src=\"https:\/\/brandmanual.aufbau-nord.de\/wp-content\/uploads\/2026\/02\/CONDIAS-Logo-positiv.rgb_.svg\" class=\"attachment-full size-full\" alt=\"\" \/><\/div><\/div><div class=\"w-separator size_medium\"><\/div><div class=\"w-image align_none\"><div class=\"w-image-h\"><img loading=\"lazy\" decoding=\"async\" width=\"3840\" height=\"1080\" src=\"https:\/\/brandmanual.aufbau-nord.de\/wp-content\/uploads\/2026\/02\/CONDIAS-Logo-positiv-negativ.svg\" class=\"attachment-full size-full\" alt=\"\" \/><\/div><\/div><div class=\"w-separator size_medium\"><\/div><div class=\"w-image align_none\"><div class=\"w-image-h\"><img loading=\"lazy\" decoding=\"async\" width=\"3840\" height=\"1080\" src=\"https:\/\/brandmanual.aufbau-nord.de\/wp-content\/uploads\/2026\/03\/CONDIAS-Logo-ohne-unterzeilepositiv-negativ.svg\" class=\"attachment-full size-full\" alt=\"\" \/><\/div><\/div><div class=\"w-separator size_medium\"><\/div><div class=\"w-image align_none\"><div class=\"w-image-h\"><img loading=\"lazy\" decoding=\"async\" width=\"3840\" height=\"1080\" src=\"https:\/\/brandmanual.aufbau-nord.de\/wp-content\/uploads\/2026\/02\/CONDIAS-bildmarke-positiv-negatic.svg\" class=\"attachment-full size-full\" alt=\"\" \/><\/div><\/div><div class=\"w-separator size_medium\"><\/div><div class=\"w-image align_none\"><div class=\"w-image-h\"><img loading=\"lazy\" decoding=\"async\" width=\"3840\" height=\"1080\" src=\"https:\/\/brandmanual.aufbau-nord.de\/wp-content\/uploads\/2026\/02\/CONDIAS-textmarke-positiv-negatic.svg\" class=\"attachment-full size-full\" alt=\"\" \/><\/div><\/div><div class=\"w-separator size_medium\"><\/div><div class=\"w-image align_none\"><div class=\"w-image-h\"><img loading=\"lazy\" decoding=\"async\" width=\"3840\" height=\"1080\" src=\"https:\/\/brandmanual.aufbau-nord.de\/wp-content\/uploads\/2026\/03\/CONDIAS-25.svg\" class=\"attachment-full size-full\" alt=\"\" \/><\/div><\/div><div class=\"w-separator size_medium\"><\/div><\/div><\/div><\/div><div class=\"vc_col-sm-4 wpb_column vc_column_container\"><div class=\"vc_column-inner\"><div class=\"wpb_wrapper\"><div class=\"wpb_text_column\" ><div class=\"wpb_wrapper\"><p>Die Bild- und Wortmarke sollen m\u00f6glichst als Einheit verwendet werden und repr\u00e4sentieren die Firma CONDIAS als Ganzes. In bestimmten Anwendungsf\u00e4llen ist die Nutzung der Bild- und Wortmarke getrennt voneinander gestattet. Der getrennte Einsatz sollte aber gut begr\u00fcndet oder durch den vorgegebenen Raum erzwungen sein. In einigen gestalterischen F\u00e4llen ist es notwendig, auf eine Negativvariante (wei\u00df) Version auszuweichen. Sollte das Logo auf einer dunklen\/farbigen Fotografie\/Grafik platziert werden, so empfiehlt es sich die wei\u00dfe Version zu verwenden. In jedem Fall sollte darauf geachtet werden, dass der Untergrund ruhig ist, um die Wahrnehmbarkeit zu gew\u00e4hrleisten.<\/p>\n<\/div><\/div><div class=\"w-tabs style_default switch_click accordion title_atleft icon_chevron iconpos_right\"><div class=\"w-tabs-sections\"><div class=\"w-tabs-sections-h\"><div class=\"w-tabs-section with_icon\" id=\"1606383498993-c772bcb1-4efe\"><button aria-controls=\"content-1606383498993-c772bcb1-4efe\" class=\"w-tabs-section-header\" style=\"font-size:0.8rem\"><div class=\"w-tabs-section-header-h\"><i class=\"fas fa-download\"><\/i><div class=\"w-tabs-section-title\">Download CONDIAS Logo Paket<\/div><div class=\"w-tabs-section-control\"><\/div><\/div><\/button><div class=\"w-tabs-section-content\" id=\"content-1606383498993-c772bcb1-4efe\" aria-expanded=\"false\"><div class=\"w-tabs-section-content-h i-cf\"><div class=\"w-btn-wrapper width_auto align_left\"><a class=\"w-btn us-btn-style_3 us_custom_709151e1 icon_atleft\" target=\"_blank\" href=\"http:\/\/brandmanual.aufbau-nord.de\/wp-content\/uploads\/2026\/03\/Logo-CONDIAS.zip\" rel=\"noopener\"><i class=\"fas fa-download\"><\/i><span class=\"w-btn-label\">ZIP<\/span><\/a><\/div><\/div><\/div><\/div><\/div><\/div><\/div><\/div><\/div><\/div><\/div><\/div><\/section><section class=\"l-section wpb_row height_custom\" id=\"schutzzonen\"><div class=\"l-section-h i-cf\"><div class=\"g-cols vc_row type_default valign_top\"><div class=\"vc_col-sm-12 wpb_column vc_column_container\"><div class=\"vc_column-inner\"><div class=\"wpb_wrapper\"><div class=\"w-separator size_medium with_line width_default thick_1 style_solid color_border align_center with_text with_content\"><div class=\"w-separator-h\"><h3 class=\"w-separator-text\"><span>Schutzzonen<\/span><\/h3><\/div><\/div><div class=\"wpb_text_column us_custom_3e579a9b\" ><div class=\"wpb_wrapper\"><\/div><\/div><\/div><\/div><\/div><\/div><\/div><\/section><section class=\"l-section wpb_row height_custom\"><div class=\"l-section-h i-cf\"><div class=\"g-cols vc_row type_default valign_top\"><div class=\"vc_col-sm-8 wpb_column vc_column_container\"><div class=\"vc_column-inner\"><div class=\"wpb_wrapper\"><div class=\"w-image align_none\"><div class=\"w-image-h\"><img loading=\"lazy\" decoding=\"async\" width=\"1920\" height=\"1080\" src=\"https:\/\/brandmanual.aufbau-nord.de\/wp-content\/uploads\/2026\/02\/schutzzone.svg\" class=\"attachment-full size-full\" alt=\"\" \/><\/div><\/div><\/div><\/div><\/div><div class=\"vc_col-sm-4 wpb_column vc_column_container\"><div class=\"vc_column-inner\"><div class=\"wpb_wrapper\"><div class=\"wpb_text_column us_custom_3e579a9b\" ><div class=\"wpb_wrapper\"><p>Um eine optimale Wirkung sicherzustellen, muss ein Logo immer von einer Schutzzone umgeben sein. Innerhalb dieser Zone d\u00fcrfen keine weiteren grafischen Elemente oder Schriftzeichen platziert werden.<\/p>\n<p>Die Schutzzone des CONDIAS Logos ergibt sich aus der H\u00f6he der Textmarke (ohne Unterzeile!). Diese H\u00f6he (x) wird zu einem Quadrat (x hoch und breit) welches die Gr\u00f6\u00dfe der Schutzzone um das Logo definiert. Diese Gr\u00f6\u00dfe wird an allen Seiten des Logos addiert und ergibt so die zu beachtende Schutzzone.<\/p>\n<p><strong>Die hier gezeigten Abst\u00e4nde sind unver\u00e4ndert auch bei dem losgel\u00f6sten Einsatz der Bildmarken anzuwenden! <\/strong><\/p>\n<\/div><\/div><\/div><\/div><\/div><\/div><\/div><\/section><section class=\"l-section wpb_row height_custom\" id=\"positionierung\"><div class=\"l-section-h i-cf\"><div class=\"g-cols vc_row type_default valign_top\"><div class=\"vc_col-sm-12 wpb_column vc_column_container\"><div class=\"vc_column-inner\"><div class=\"wpb_wrapper\"><div class=\"w-separator size_medium with_line width_default thick_1 style_solid color_border align_center with_text with_content\"><div class=\"w-separator-h\"><h3 class=\"w-separator-text\"><span>Positionierungen<\/span><\/h3><\/div><\/div><div class=\"wpb_text_column us_custom_3e579a9b\" ><div class=\"wpb_wrapper\"><\/div><\/div><\/div><\/div><\/div><\/div><\/div><\/section><section class=\"l-section wpb_row height_custom\"><div class=\"l-section-h i-cf\"><div class=\"g-cols vc_row type_default valign_top\"><div class=\"vc_col-sm-8 wpb_column vc_column_container\"><div class=\"vc_column-inner\"><div class=\"wpb_wrapper\"><div class=\"w-ibanner us_custom_6df4bc3a animation_aidos ratio_3x2 easing_ease\"><div class=\"w-ibanner-h\"><div class=\"w-ibanner-image\" style=\"background-image: url(https:\/\/brandmanual.aufbau-nord.de\/wp-content\/uploads\/2026\/03\/stationary-mockup-6447.png)\"><\/div><div class=\"w-ibanner-content\"><div class=\"w-ibanner-content-h\"><h2 class=\"w-ibanner-title\">Ein Beispiel<\/h2><div class=\"w-ibanner-desc\"><p>Das CONDIAS Logo l\u00e4sst sich vielseitig auf unterschiedlichsten Medien platzieren. Bei Fragen oder Unklarheiten steht Nikolas Marten als Brand-Beauftragter zur Verf\u00fcgung.<\/p>\n<\/div><\/div><\/div><\/div><\/div><\/div><\/div><\/div><div class=\"vc_col-sm-4 wpb_column vc_column_container\"><div class=\"vc_column-inner\"><div class=\"wpb_wrapper\"><div class=\"wpb_text_column us_custom_3e579a9b\" ><div class=\"wpb_wrapper\"><p>Um das Brand Design lebendig zu gestalten, wird nicht alles bis ins kleinste Detail vorgeben, denn die Gestaltungsmittel sollen aktiv gelebt bzw. ad\u00e4quat interpretiert und verstanden werden. Nat\u00fcrlich haben sich in der Vergangenheit bei bestimmten Medien Positionierungen herausgearbeitet die f\u00fcr eine einheitliche gestalterische Linie beibehalten werden sollten. Im Bereich &#8222;Anwendungen&#8220; findet man viele weitere Beispiele welche die Variationsbreite bzw. die gestalterischen M\u00f6glichkeiten der grafischen Elemente des CONDIAS Brand Designs aufzeigen.<\/p>\n<\/div><\/div><\/div><\/div><\/div><\/div><\/div><\/section><section class=\"l-section wpb_row height_custom\" id=\"sonicht\"><div class=\"l-section-h i-cf\"><div class=\"g-cols vc_row type_default valign_top\"><div class=\"vc_col-sm-12 wpb_column vc_column_container\"><div class=\"vc_column-inner\"><div class=\"wpb_wrapper\"><div class=\"w-separator size_medium with_line width_default thick_1 style_solid color_border align_center with_text with_content\"><div class=\"w-separator-h\"><h3 class=\"w-separator-text\"><span>So nicht!<\/span><\/h3><\/div><\/div><div class=\"wpb_text_column us_custom_3e579a9b\" ><div class=\"wpb_wrapper\"><\/div><\/div><\/div><\/div><\/div><\/div><\/div><\/section><section class=\"l-section wpb_row height_custom\"><div class=\"l-section-h i-cf\"><div class=\"g-cols vc_row type_default valign_top\"><div class=\"vc_col-sm-8 wpb_column vc_column_container\"><div class=\"vc_column-inner\"><div class=\"wpb_wrapper\"><div class=\"w-grid type_grid layout_gallery_default cols_3 no_gap\" id=\"us_grid_1\" data-filterable=\"true\"><style id=\"us_grid_1_css\">@media (max-width:899px){#us_grid_1 .w-grid-item{width:50.0000%}}@media (max-width:599px){#us_grid_1 .w-grid-item{width:100.0000%}}<\/style><style>.layout_gallery_default .w-grid-item-h{}<\/style><div class=\"w-grid-list\" >\t<article class=\"w-grid-item post-1496 attachment type-attachment status-inherit hentry\" data-id=\"1496\">\r\n\t\t<div class=\"w-grid-item-h\">\r\n\t\t\t\t\t\t<div class=\"w-post-elm post_image usg_post_image_1 stretched\"><img loading=\"lazy\" decoding=\"async\" width=\"1920\" height=\"1080\" src=\"https:\/\/brandmanual.aufbau-nord.de\/wp-content\/uploads\/2026\/03\/condiasfail6.svg\" class=\"attachment-us_600_600_crop size-us_600_600_crop\" alt=\"\" \/><\/div>\t\t<\/div>\r\n\t<\/article>\r\n\t<article class=\"w-grid-item post-1495 attachment type-attachment status-inherit hentry\" data-id=\"1495\">\r\n\t\t<div class=\"w-grid-item-h\">\r\n\t\t\t\t\t\t<div class=\"w-post-elm post_image usg_post_image_1 stretched\"><img loading=\"lazy\" decoding=\"async\" width=\"1920\" height=\"1080\" src=\"https:\/\/brandmanual.aufbau-nord.de\/wp-content\/uploads\/2026\/03\/condiasfail5.svg\" class=\"attachment-us_600_600_crop size-us_600_600_crop\" alt=\"\" \/><\/div>\t\t<\/div>\r\n\t<\/article>\r\n\t<article class=\"w-grid-item post-1493 attachment type-attachment status-inherit hentry\" data-id=\"1493\">\r\n\t\t<div class=\"w-grid-item-h\">\r\n\t\t\t\t\t\t<div class=\"w-post-elm post_image usg_post_image_1 stretched\"><img loading=\"lazy\" decoding=\"async\" width=\"1920\" height=\"1080\" src=\"https:\/\/brandmanual.aufbau-nord.de\/wp-content\/uploads\/2026\/03\/condiasfail3.svg\" class=\"attachment-us_600_600_crop size-us_600_600_crop\" alt=\"\" \/><\/div>\t\t<\/div>\r\n\t<\/article>\r\n\t<article class=\"w-grid-item post-1494 attachment type-attachment status-inherit hentry\" data-id=\"1494\">\r\n\t\t<div class=\"w-grid-item-h\">\r\n\t\t\t\t\t\t<div class=\"w-post-elm post_image usg_post_image_1 stretched\"><img loading=\"lazy\" decoding=\"async\" width=\"1920\" height=\"1080\" src=\"https:\/\/brandmanual.aufbau-nord.de\/wp-content\/uploads\/2026\/03\/condiasfail4.svg\" class=\"attachment-us_600_600_crop size-us_600_600_crop\" alt=\"\" \/><\/div>\t\t<\/div>\r\n\t<\/article>\r\n\t<article class=\"w-grid-item post-1492 attachment type-attachment status-inherit hentry\" data-id=\"1492\">\r\n\t\t<div class=\"w-grid-item-h\">\r\n\t\t\t\t\t\t<div class=\"w-post-elm post_image usg_post_image_1 stretched\"><img loading=\"lazy\" decoding=\"async\" width=\"1920\" height=\"1080\" src=\"https:\/\/brandmanual.aufbau-nord.de\/wp-content\/uploads\/2026\/03\/condiasfail2.svg\" class=\"attachment-us_600_600_crop size-us_600_600_crop\" alt=\"\" \/><\/div>\t\t<\/div>\r\n\t<\/article>\r\n\t<article class=\"w-grid-item post-1491 attachment type-attachment status-inherit hentry\" data-id=\"1491\">\r\n\t\t<div class=\"w-grid-item-h\">\r\n\t\t\t\t\t\t<div class=\"w-post-elm post_image usg_post_image_1 stretched\"><img loading=\"lazy\" decoding=\"async\" width=\"1920\" height=\"1080\" src=\"https:\/\/brandmanual.aufbau-nord.de\/wp-content\/uploads\/2026\/03\/condiasfail1.svg\" class=\"attachment-us_600_600_crop size-us_600_600_crop\" alt=\"\" \/><\/div>\t\t<\/div>\r\n\t<\/article>\r\n<\/div><div class=\"w-grid-preloader\"><div class=\"g-preloader type_1\">\r\n\t<div><\/div>\r\n<\/div>\r\n<\/div>\t<div class=\"w-grid-json hidden\" onclick='return {&quot;action&quot;:&quot;us_ajax_grid&quot;,&quot;ajax_url&quot;:&quot;https:\\\/\\\/brandmanual.aufbau-nord.de\\\/wp-admin\\\/admin-ajax.php&quot;,&quot;infinite_scroll&quot;:0,&quot;max_num_pages&quot;:1,&quot;pagination&quot;:&quot;none&quot;,&quot;permalink_url&quot;:&quot;https:\\\/\\\/brandmanual.aufbau-nord.de&quot;,&quot;template_vars&quot;:{&quot;columns&quot;:&quot;3&quot;,&quot;exclude_items&quot;:&quot;none&quot;,&quot;img_size&quot;:&quot;default&quot;,&quot;ignore_items_size&quot;:false,&quot;items_layout&quot;:&quot;gallery_default&quot;,&quot;items_offset&quot;:&quot;1&quot;,&quot;load_animation&quot;:&quot;none&quot;,&quot;overriding_link&quot;:&quot;none&quot;,&quot;post_id&quot;:893,&quot;query_args&quot;:{&quot;post_type&quot;:[&quot;attachment&quot;],&quot;post__in&quot;:[&quot;1491&quot;,&quot;1492&quot;,&quot;1493&quot;,&quot;1494&quot;,&quot;1495&quot;,&quot;1496&quot;],&quot;post_status&quot;:&quot;inherit&quot;,&quot;post_mime_type&quot;:&quot;image&quot;,&quot;posts_per_page&quot;:&quot;6&quot;},&quot;orderby_query_args&quot;:{&quot;orderby&quot;:{&quot;date&quot;:&quot;DESC&quot;}},&quot;type&quot;:&quot;grid&quot;,&quot;us_grid_ajax_index&quot;:1,&quot;us_grid_filter_params&quot;:null,&quot;us_grid_index&quot;:1,&quot;_us_grid_post_type&quot;:&quot;attachment&quot;}}'><\/div>\r\n\t<\/div><\/div><\/div><\/div><div class=\"vc_col-sm-4 wpb_column vc_column_container\"><div class=\"vc_column-inner\"><div class=\"wpb_wrapper\"><div class=\"wpb_text_column us_custom_3e579a9b\" ><div class=\"wpb_wrapper\"><p>Dass ein Logo nicht ver\u00e4ndert werden darf, sollte eigentlich jedem Gestalter klar sein. Dies gilt nat\u00fcrlich auch f\u00fcr das CONDIAS Logo. Es soll weder horizontal wie auch vertikal skaliert werde, die Positionen der einzelnen Elemente zueinander sollen nicht ver\u00e4ndert werden und auch die Schrift darf nicht ausgetauscht werden. Ebenfalls soll das Logo nicht mit einem Schlagschatten oder mit abweichenden Farben versehen werden. im Bereich &#8222;<a href=\"http:\/\/brandmanual.aufbau-nord.de\/anwendungen\/\">Anwendungen<\/a>&#8220; erh\u00e4lt man einen Eindruck, wie das Logo zu verwenden ist und kann dies als Inspiration f\u00fcr den eigenen Einsatz nutzen.<\/p>\n<\/div><\/div><\/div><\/div><\/div><\/div><\/div><\/section>\n","protected":false},"excerpt":{"rendered":"","protected":false},"author":1,"featured_media":1437,"parent":0,"menu_order":0,"comment_status":"closed","ping_status":"closed","template":"","meta":{"footnotes":""},"class_list":["post-893","page","type-page","status-publish","has-post-thumbnail","hentry"],"_links":{"self":[{"href":"https:\/\/brandmanual.aufbau-nord.de\/index.php?rest_route=\/wp\/v2\/pages\/893","targetHints":{"allow":["GET"]}}],"collection":[{"href":"https:\/\/brandmanual.aufbau-nord.de\/index.php?rest_route=\/wp\/v2\/pages"}],"about":[{"href":"https:\/\/brandmanual.aufbau-nord.de\/index.php?rest_route=\/wp\/v2\/types\/page"}],"author":[{"embeddable":true,"href":"https:\/\/brandmanual.aufbau-nord.de\/index.php?rest_route=\/wp\/v2\/users\/1"}],"replies":[{"embeddable":true,"href":"https:\/\/brandmanual.aufbau-nord.de\/index.php?rest_route=%2Fwp%2Fv2%2Fcomments&post=893"}],"version-history":[{"count":11,"href":"https:\/\/brandmanual.aufbau-nord.de\/index.php?rest_route=\/wp\/v2\/pages\/893\/revisions"}],"predecessor-version":[{"id":1499,"href":"https:\/\/brandmanual.aufbau-nord.de\/index.php?rest_route=\/wp\/v2\/pages\/893\/revisions\/1499"}],"wp:featuredmedia":[{"embeddable":true,"href":"https:\/\/brandmanual.aufbau-nord.de\/index.php?rest_route=\/wp\/v2\/media\/1437"}],"wp:attachment":[{"href":"https:\/\/brandmanual.aufbau-nord.de\/index.php?rest_route=%2Fwp%2Fv2%2Fmedia&parent=893"}],"curies":[{"name":"wp","href":"https:\/\/api.w.org\/{rel}","templated":true}]}}