{"id":1298,"date":"2020-12-10T10:32:57","date_gmt":"2020-12-10T09:32:57","guid":{"rendered":"http:\/\/ci-portal.prey.local\/?page_id=1298"},"modified":"2026-03-25T13:12:53","modified_gmt":"2026-03-25T12:12:53","slug":"bildwelten","status":"publish","type":"page","link":"https:\/\/brandmanual.aufbau-nord.de\/?page_id=1298","title":{"rendered":"Bildwelten"},"content":{"rendered":"<section class=\"l-section wpb_row height_custom color_primary\"><div class=\"l-section-h i-cf\"><div class=\"g-cols vc_row type_default valign_top\"><div class=\"vc_col-sm-12 vc_col-lg-4 vc_col-md-12 vc_col-xs-12 wpb_column vc_column_container\"><div class=\"vc_column-inner\"><div class=\"wpb_wrapper\"><div class=\"wpb_text_column\" ><div class=\"wpb_wrapper\"><h1>Die Bildwelten<\/h1>\n<\/div><\/div><\/div><\/div><\/div><div class=\"vc_col-sm-12 vc_col-lg-8 vc_col-md-12 vc_col-xs-12 wpb_column vc_column_container\"><div class=\"vc_column-inner\"><div class=\"wpb_wrapper\"><div class=\"wpb_text_column us_custom_a91f0dc9\" ><div class=\"wpb_wrapper\"><p>Wie die Produkte so auch die CONDIAS Bildwelten.<br \/>\nVon hoher Qualit\u00e4t, klar, technisch, gradlinig.<\/p>\n<\/div><\/div><\/div><\/div><\/div><\/div><\/div><\/section><section class=\"l-section wpb_row height_custom\"><div class=\"l-section-h i-cf\"><div class=\"g-cols vc_row type_default valign_top\"><div class=\"vc_col-sm-8 wpb_column vc_column_container\"><div class=\"vc_column-inner\"><div class=\"wpb_wrapper\"><div class=\"w-grid type_masonry layout_gallery_default cols_2 with_isotope with_css_animation no_gap\" id=\"us_grid_1\" data-filterable=\"true\"><style id=\"us_grid_1_css\">@media (max-width:599px){#us_grid_1 .w-grid-item{width:100.0000%}}<\/style><style>.layout_gallery_default .w-grid-item-h{}<\/style><div class=\"w-grid-list\" >\t<article class=\"w-grid-item animate_afb animate_off_autostart post-1439 attachment type-attachment status-inherit hentry\" data-id=\"1439\" style=\"animation-delay:0s\">\r\n\t\t<div class=\"w-grid-item-h\">\r\n\t\t\t\t\t\t<div class=\"w-post-elm post_image usg_post_image_1 stretched\"><img loading=\"lazy\" decoding=\"async\" width=\"1080\" height=\"1623\" src=\"https:\/\/brandmanual.aufbau-nord.de\/wp-content\/uploads\/2026\/02\/2023_11_15_Condias_Start-59.jpg\" class=\"attachment-us_600_600_crop size-us_600_600_crop\" alt=\"\" srcset=\"https:\/\/brandmanual.aufbau-nord.de\/wp-content\/uploads\/2026\/02\/2023_11_15_Condias_Start-59.jpg 1080w, https:\/\/brandmanual.aufbau-nord.de\/wp-content\/uploads\/2026\/02\/2023_11_15_Condias_Start-59-200x300.jpg 200w, https:\/\/brandmanual.aufbau-nord.de\/wp-content\/uploads\/2026\/02\/2023_11_15_Condias_Start-59-681x1024.jpg 681w, https:\/\/brandmanual.aufbau-nord.de\/wp-content\/uploads\/2026\/02\/2023_11_15_Condias_Start-59-1022x1536.jpg 1022w\" sizes=\"auto, (max-width: 1080px) 100vw, 1080px\" \/><\/div>\t\t<\/div>\r\n\t<\/article>\r\n\t<article class=\"w-grid-item animate_afb animate_off_autostart post-1437 attachment type-attachment status-inherit hentry\" data-id=\"1437\" style=\"animation-delay:0.1s\">\r\n\t\t<div class=\"w-grid-item-h\">\r\n\t\t\t\t\t\t<div class=\"w-post-elm post_image usg_post_image_1 stretched\"><img loading=\"lazy\" decoding=\"async\" width=\"1623\" height=\"1080\" src=\"https:\/\/brandmanual.aufbau-nord.de\/wp-content\/uploads\/2026\/02\/2024_07_16_Produktion-0040.jpg\" class=\"attachment-us_600_600_crop size-us_600_600_crop\" alt=\"\" srcset=\"https:\/\/brandmanual.aufbau-nord.de\/wp-content\/uploads\/2026\/02\/2024_07_16_Produktion-0040.jpg 1623w, https:\/\/brandmanual.aufbau-nord.de\/wp-content\/uploads\/2026\/02\/2024_07_16_Produktion-0040-300x200.jpg 300w, https:\/\/brandmanual.aufbau-nord.de\/wp-content\/uploads\/2026\/02\/2024_07_16_Produktion-0040-1024x681.jpg 1024w, https:\/\/brandmanual.aufbau-nord.de\/wp-content\/uploads\/2026\/02\/2024_07_16_Produktion-0040-1536x1022.jpg 1536w\" sizes=\"auto, (max-width: 1623px) 100vw, 1623px\" \/><\/div>\t\t<\/div>\r\n\t<\/article>\r\n\t<article class=\"w-grid-item animate_afb animate_off_autostart post-1436 attachment type-attachment status-inherit hentry\" data-id=\"1436\" style=\"animation-delay:0.2s\">\r\n\t\t<div class=\"w-grid-item-h\">\r\n\t\t\t\t\t\t<div class=\"w-post-elm post_image usg_post_image_1 stretched\"><img loading=\"lazy\" decoding=\"async\" width=\"1623\" height=\"1080\" src=\"https:\/\/brandmanual.aufbau-nord.de\/wp-content\/uploads\/2026\/02\/2023_11_15_Condias_Start-13.jpg\" class=\"attachment-us_600_600_crop size-us_600_600_crop\" alt=\"\" srcset=\"https:\/\/brandmanual.aufbau-nord.de\/wp-content\/uploads\/2026\/02\/2023_11_15_Condias_Start-13.jpg 1623w, https:\/\/brandmanual.aufbau-nord.de\/wp-content\/uploads\/2026\/02\/2023_11_15_Condias_Start-13-300x200.jpg 300w, https:\/\/brandmanual.aufbau-nord.de\/wp-content\/uploads\/2026\/02\/2023_11_15_Condias_Start-13-1024x681.jpg 1024w, https:\/\/brandmanual.aufbau-nord.de\/wp-content\/uploads\/2026\/02\/2023_11_15_Condias_Start-13-1536x1022.jpg 1536w\" sizes=\"auto, (max-width: 1623px) 100vw, 1623px\" \/><\/div>\t\t<\/div>\r\n\t<\/article>\r\n\t<article class=\"w-grid-item animate_afb animate_off_autostart post-1435 attachment type-attachment status-inherit hentry\" data-id=\"1435\" style=\"animation-delay:0.3s\">\r\n\t\t<div class=\"w-grid-item-h\">\r\n\t\t\t\t\t\t<div class=\"w-post-elm post_image usg_post_image_1 stretched\"><img loading=\"lazy\" decoding=\"async\" width=\"1623\" height=\"1080\" src=\"https:\/\/brandmanual.aufbau-nord.de\/wp-content\/uploads\/2026\/02\/2024_07_16_Produktion-9978.jpg\" class=\"attachment-us_600_600_crop size-us_600_600_crop\" alt=\"\" srcset=\"https:\/\/brandmanual.aufbau-nord.de\/wp-content\/uploads\/2026\/02\/2024_07_16_Produktion-9978.jpg 1623w, https:\/\/brandmanual.aufbau-nord.de\/wp-content\/uploads\/2026\/02\/2024_07_16_Produktion-9978-300x200.jpg 300w, https:\/\/brandmanual.aufbau-nord.de\/wp-content\/uploads\/2026\/02\/2024_07_16_Produktion-9978-1024x681.jpg 1024w, https:\/\/brandmanual.aufbau-nord.de\/wp-content\/uploads\/2026\/02\/2024_07_16_Produktion-9978-1536x1022.jpg 1536w\" sizes=\"auto, (max-width: 1623px) 100vw, 1623px\" \/><\/div>\t\t<\/div>\r\n\t<\/article>\r\n\t<article class=\"w-grid-item animate_afb animate_off_autostart post-1434 attachment type-attachment status-inherit hentry\" data-id=\"1434\" style=\"animation-delay:0s\">\r\n\t\t<div class=\"w-grid-item-h\">\r\n\t\t\t\t\t\t<div class=\"w-post-elm post_image usg_post_image_1 stretched\"><img loading=\"lazy\" decoding=\"async\" width=\"1623\" height=\"1080\" src=\"https:\/\/brandmanual.aufbau-nord.de\/wp-content\/uploads\/2026\/02\/2024_07_16_Produktion-0901.jpg\" class=\"attachment-us_600_600_crop size-us_600_600_crop\" alt=\"\" srcset=\"https:\/\/brandmanual.aufbau-nord.de\/wp-content\/uploads\/2026\/02\/2024_07_16_Produktion-0901.jpg 1623w, https:\/\/brandmanual.aufbau-nord.de\/wp-content\/uploads\/2026\/02\/2024_07_16_Produktion-0901-300x200.jpg 300w, https:\/\/brandmanual.aufbau-nord.de\/wp-content\/uploads\/2026\/02\/2024_07_16_Produktion-0901-1024x681.jpg 1024w, https:\/\/brandmanual.aufbau-nord.de\/wp-content\/uploads\/2026\/02\/2024_07_16_Produktion-0901-1536x1022.jpg 1536w\" sizes=\"auto, (max-width: 1623px) 100vw, 1623px\" \/><\/div>\t\t<\/div>\r\n\t<\/article>\r\n\t<article class=\"w-grid-item animate_afb animate_off_autostart post-1433 attachment type-attachment status-inherit hentry\" data-id=\"1433\" style=\"animation-delay:0.1s\">\r\n\t\t<div class=\"w-grid-item-h\">\r\n\t\t\t\t\t\t<div class=\"w-post-elm post_image usg_post_image_1 stretched\"><img loading=\"lazy\" decoding=\"async\" width=\"1623\" height=\"1080\" src=\"https:\/\/brandmanual.aufbau-nord.de\/wp-content\/uploads\/2026\/02\/2024_07_16_Produktion-0210.jpg\" class=\"attachment-us_600_600_crop size-us_600_600_crop\" alt=\"\" srcset=\"https:\/\/brandmanual.aufbau-nord.de\/wp-content\/uploads\/2026\/02\/2024_07_16_Produktion-0210.jpg 1623w, https:\/\/brandmanual.aufbau-nord.de\/wp-content\/uploads\/2026\/02\/2024_07_16_Produktion-0210-300x200.jpg 300w, https:\/\/brandmanual.aufbau-nord.de\/wp-content\/uploads\/2026\/02\/2024_07_16_Produktion-0210-1024x681.jpg 1024w, https:\/\/brandmanual.aufbau-nord.de\/wp-content\/uploads\/2026\/02\/2024_07_16_Produktion-0210-1536x1022.jpg 1536w\" sizes=\"auto, (max-width: 1623px) 100vw, 1623px\" \/><\/div>\t\t<\/div>\r\n\t<\/article>\r\n\t<article class=\"w-grid-item animate_afb animate_off_autostart post-1461 attachment type-attachment status-inherit hentry\" data-id=\"1461\" style=\"animation-delay:0.2s\">\r\n\t\t<div class=\"w-grid-item-h\">\r\n\t\t\t\t\t\t<div class=\"w-post-elm post_image usg_post_image_1 stretched\"><img loading=\"lazy\" decoding=\"async\" width=\"1920\" height=\"1277\" src=\"https:\/\/brandmanual.aufbau-nord.de\/wp-content\/uploads\/2020\/11\/2024_07_15_-1583.jpg\" class=\"attachment-us_600_600_crop size-us_600_600_crop\" alt=\"\" srcset=\"https:\/\/brandmanual.aufbau-nord.de\/wp-content\/uploads\/2020\/11\/2024_07_15_-1583.jpg 1920w, https:\/\/brandmanual.aufbau-nord.de\/wp-content\/uploads\/2020\/11\/2024_07_15_-1583-300x200.jpg 300w, https:\/\/brandmanual.aufbau-nord.de\/wp-content\/uploads\/2020\/11\/2024_07_15_-1583-1024x681.jpg 1024w, https:\/\/brandmanual.aufbau-nord.de\/wp-content\/uploads\/2020\/11\/2024_07_15_-1583-1536x1022.jpg 1536w\" sizes=\"auto, (max-width: 1920px) 100vw, 1920px\" \/><\/div>\t\t<\/div>\r\n\t<\/article>\r\n<\/div><div class=\"w-grid-preloader\"><div class=\"g-preloader type_1\">\r\n\t<div><\/div>\r\n<\/div>\r\n<\/div>\t<div class=\"w-grid-json hidden\" onclick='return {&quot;action&quot;:&quot;us_ajax_grid&quot;,&quot;ajax_url&quot;:&quot;https:\\\/\\\/brandmanual.aufbau-nord.de\\\/wp-admin\\\/admin-ajax.php&quot;,&quot;infinite_scroll&quot;:0,&quot;max_num_pages&quot;:1,&quot;pagination&quot;:&quot;none&quot;,&quot;permalink_url&quot;:&quot;https:\\\/\\\/brandmanual.aufbau-nord.de&quot;,&quot;template_vars&quot;:{&quot;columns&quot;:&quot;2&quot;,&quot;exclude_items&quot;:&quot;none&quot;,&quot;img_size&quot;:&quot;default&quot;,&quot;ignore_items_size&quot;:false,&quot;items_layout&quot;:&quot;gallery_default&quot;,&quot;items_offset&quot;:&quot;1&quot;,&quot;load_animation&quot;:&quot;afb&quot;,&quot;overriding_link&quot;:&quot;none&quot;,&quot;post_id&quot;:1298,&quot;query_args&quot;:{&quot;post_type&quot;:[&quot;attachment&quot;],&quot;post__in&quot;:[&quot;1439&quot;,&quot;1437&quot;,&quot;1436&quot;,&quot;1435&quot;,&quot;1434&quot;,&quot;1433&quot;,&quot;1461&quot;],&quot;post_status&quot;:&quot;inherit&quot;,&quot;post_mime_type&quot;:&quot;image&quot;,&quot;posts_per_page&quot;:&quot;10&quot;},&quot;orderby_query_args&quot;:{&quot;orderby&quot;:{&quot;post__in&quot;:&quot;ASC&quot;},&quot;order&quot;:&quot;ASC&quot;},&quot;type&quot;:&quot;masonry&quot;,&quot;us_grid_ajax_index&quot;:1,&quot;us_grid_filter_params&quot;:null,&quot;us_grid_index&quot;:1,&quot;_us_grid_post_type&quot;:&quot;attachment&quot;}}'><\/div>\r\n\t<\/div><\/div><\/div><\/div><div class=\"vc_col-sm-4 wpb_column vc_column_container\"><div class=\"vc_column-inner\"><div class=\"wpb_wrapper\"><div class=\"wpb_text_column\" ><div class=\"wpb_wrapper\"><p>In den letzten Jahren haben auch die Bildwelten von CONDIAS eine eigene Stilistik entwickelt, die sich harmonisch in das Gesamtgestaltungsbild der Ver\u00f6ffentlichungen einf\u00fcgen. Wir umschreiben das Erstellen von Fotos f\u00fcr CONDIAS mit folgenden Attributen: Farblich leicht ents\u00e4ttigt, scharfe Kanten und Kontraste von Licht und Schatten sollen die Qualit\u00e4t und die technische Ausgereiftheit der CONDIAS Produkte unterstreichen.<\/p>\n<p>In der Nachbearbeitung werden die Bilder oftmals im Color-Grading mit dem einem f\u00fcr CONDIAS entwickelten Bildlook angepasst um eine Einheitlichkeit \u00fcber verschiedene Themen zu erreichen. Um den dadurch entstehenden sehr cleanen Look zu durchbrechen, werden einzelne greifbare Details durch eine erh\u00f6hte Farbs\u00e4ttigung hervorgehoben, wenn das Motiv dieses erm\u00f6glicht.<\/p>\n<\/div><\/div><div class=\"w-tabs style_default switch_click accordion title_atleft icon_chevron iconpos_right\"><div class=\"w-tabs-sections\"><div class=\"w-tabs-sections-h\"><div class=\"w-tabs-section with_icon\" id=\"1606383498527-f0c575ae-51a9\"><button aria-controls=\"content-1606383498527-f0c575ae-51a9\" class=\"w-tabs-section-header\" style=\"font-size:0.8rem\"><div class=\"w-tabs-section-header-h\"><i class=\"fas fa-download\"><\/i><div class=\"w-tabs-section-title\">Die CONDIAS Bilddatenbank<\/div><div class=\"w-tabs-section-control\"><\/div><\/div><\/button><div class=\"w-tabs-section-content\" id=\"content-1606383498527-f0c575ae-51a9\" aria-expanded=\"false\"><div class=\"w-tabs-section-content-h i-cf\"><div class=\"w-btn-wrapper width_auto align_left\"><a class=\"w-btn us-btn-style_3 us_custom_709151e1 icon_atleft\" target=\"_blank\" href=\"#\" rel=\"noopener\"><i class=\"fas fa-server\"><\/i><span class=\"w-btn-label\">Link folgt sp\u00e4ter<\/span><\/a><\/div><\/div><\/div><\/div><\/div><\/div><\/div><div class=\"w-separator size_small\"><\/div><\/div><\/div><\/div><\/div><\/div><\/section>\n","protected":false},"excerpt":{"rendered":"","protected":false},"author":1,"featured_media":523,"parent":0,"menu_order":0,"comment_status":"closed","ping_status":"closed","template":"","meta":{"footnotes":""},"class_list":["post-1298","page","type-page","status-publish","has-post-thumbnail","hentry"],"_links":{"self":[{"href":"https:\/\/brandmanual.aufbau-nord.de\/index.php?rest_route=\/wp\/v2\/pages\/1298","targetHints":{"allow":["GET"]}}],"collection":[{"href":"https:\/\/brandmanual.aufbau-nord.de\/index.php?rest_route=\/wp\/v2\/pages"}],"about":[{"href":"https:\/\/brandmanual.aufbau-nord.de\/index.php?rest_route=\/wp\/v2\/types\/page"}],"author":[{"embeddable":true,"href":"https:\/\/brandmanual.aufbau-nord.de\/index.php?rest_route=\/wp\/v2\/users\/1"}],"replies":[{"embeddable":true,"href":"https:\/\/brandmanual.aufbau-nord.de\/index.php?rest_route=%2Fwp%2Fv2%2Fcomments&post=1298"}],"version-history":[{"count":11,"href":"https:\/\/brandmanual.aufbau-nord.de\/index.php?rest_route=\/wp\/v2\/pages\/1298\/revisions"}],"predecessor-version":[{"id":1504,"href":"https:\/\/brandmanual.aufbau-nord.de\/index.php?rest_route=\/wp\/v2\/pages\/1298\/revisions\/1504"}],"wp:featuredmedia":[{"embeddable":true,"href":"https:\/\/brandmanual.aufbau-nord.de\/index.php?rest_route=\/wp\/v2\/media\/523"}],"wp:attachment":[{"href":"https:\/\/brandmanual.aufbau-nord.de\/index.php?rest_route=%2Fwp%2Fv2%2Fmedia&parent=1298"}],"curies":[{"name":"wp","href":"https:\/\/api.w.org\/{rel}","templated":true}]}}