{"id":1233,"date":"2020-12-07T12:49:38","date_gmt":"2020-12-07T11:49:38","guid":{"rendered":"http:\/\/ci-portal.prey.local\/?page_id=1233"},"modified":"2026-03-24T19:46:46","modified_gmt":"2026-03-24T18:46:46","slug":"schriften","status":"publish","type":"page","link":"https:\/\/brandmanual.aufbau-nord.de\/?page_id=1233","title":{"rendered":"Schriften"},"content":{"rendered":"<section class=\"l-section wpb_row height_custom color_primary\"><div class=\"l-section-h i-cf\"><div class=\"g-cols vc_row type_default valign_top\"><div class=\"vc_col-sm-12 vc_col-lg-4 vc_col-md-12 vc_col-xs-12 wpb_column vc_column_container\"><div class=\"vc_column-inner\"><div class=\"wpb_wrapper\"><div class=\"wpb_text_column\" ><div class=\"wpb_wrapper\"><h1>Die Schriften<\/h1>\n<\/div><\/div><\/div><\/div><\/div><div class=\"vc_col-sm-12 vc_col-lg-8 vc_col-md-12 vc_col-xs-12 wpb_column vc_column_container\"><div class=\"vc_column-inner\"><div class=\"wpb_wrapper\"><div class=\"wpb_text_column us_custom_a91f0dc9\" ><div class=\"wpb_wrapper\"><p>Passend zu CONDIAS pr\u00e4sentiert sich unsere Hausschrift:<br \/>\nKlar, modern, verbindlich.<\/p>\n<\/div><\/div><\/div><\/div><\/div><\/div><\/div><\/section><section class=\"l-section wpb_row height_custom\"><div class=\"l-section-h i-cf\"><div class=\"g-cols vc_row type_default valign_top\"><div class=\"vc_col-sm-8 wpb_column vc_column_container\"><div class=\"vc_column-inner\"><div class=\"wpb_wrapper\"><div class=\"wpb_text_column\" ><div class=\"wpb_wrapper\"><h3>Roboto<\/h3>\n<\/div><\/div><div class=\"w-image align_none\"><div class=\"w-image-h\"><img loading=\"lazy\" decoding=\"async\" width=\"1140\" height=\"428\" src=\"https:\/\/brandmanual.aufbau-nord.de\/wp-content\/uploads\/2026\/02\/roboto.svg\" class=\"attachment-full size-full\" alt=\"\" \/><\/div><\/div><div class=\"w-separator size_medium\"><\/div><div class=\"wpb_text_column\" ><div class=\"wpb_wrapper\"><h3>Red Hat Display<\/h3>\n<\/div><\/div><div class=\"w-image align_none\"><div class=\"w-image-h\"><img loading=\"lazy\" decoding=\"async\" width=\"1140\" height=\"428\" src=\"https:\/\/brandmanual.aufbau-nord.de\/wp-content\/uploads\/2026\/02\/Brand_standards-Red_Hat-Fonts_and_typography-Red_Hat_Display-Diagram.svg\" class=\"attachment-full size-full\" alt=\"\" \/><\/div><\/div><\/div><\/div><\/div><div class=\"vc_col-sm-4 wpb_column vc_column_container\"><div class=\"vc_column-inner\"><div class=\"wpb_wrapper\"><div class=\"wpb_text_column\" ><div class=\"wpb_wrapper\"><h5>Hausschriftarten &#8222;Roboto&#8220; &amp; &#8222;Red Hat Display&#8220;<\/h5>\n<p data-start=\"194\" data-end=\"368\">Die Typografie von CONDIAS verbindet technische Pr\u00e4zision mit moderner Klarheit. Sie basiert auf zwei komplement\u00e4ren Schriftfamilien, die klar definierte Aufgaben \u00fcbernehmen.<\/p>\n<p data-start=\"370\" data-end=\"828\"><strong data-start=\"370\" data-end=\"380\">Roboto<\/strong> wird als prim\u00e4re Flie\u00dftextschrift eingesetzt. In den Schnitten <strong data-start=\"444\" data-end=\"459\">Light (300)<\/strong> und <strong data-start=\"464\" data-end=\"478\">Bold (700)<\/strong> sorgt sie f\u00fcr eine hohe Lesbarkeit und eine sachliche, zeitgem\u00e4\u00dfe Anmutung. Roboto wurde urspr\u00fcnglich f\u00fcr digitale Oberfl\u00e4chen entwickelt und zeichnet sich durch eine offene Formensprache, ausgewogene Proportionen und exzellente Bildschirmlesbarkeit aus. Damit eignet sie sich ideal f\u00fcr l\u00e4ngere Texte, technische Inhalte und funktionale Anwendungen.<\/p>\n<p data-start=\"830\" data-end=\"1137\">F\u00fcr \u00dcberschriften und markante Hervorhebungen kommt <strong data-start=\"882\" data-end=\"906\">Red Hat Display Bold<\/strong> zum Einsatz. Die Schrift besitzt eine starke Pr\u00e4senz, klare Geometrie und einen zeitgem\u00e4\u00dfen Charakter. Sie verleiht Headlines Gewicht und Struktur und schafft einen selbstbewussten Kontrast zur zur\u00fcckhaltenden Flie\u00dftexttypografie.<\/p>\n<p data-start=\"1139\" data-end=\"1403\">Das Zusammenspiel aus Roboto und Red Hat Display unterst\u00fctzt den Markenauftritt von CONDIAS durch Klarheit, Pr\u00e4zision und technische Souver\u00e4nit\u00e4t. Die Typografie ordnet Inhalte, setzt Akzente und tr\u00e4gt wesentlich zur konsistenten Wiedererkennbarkeit der Marke bei.<\/p>\n<\/div><\/div><div class=\"w-tabs style_default switch_click accordion title_atleft icon_chevron iconpos_right\"><div class=\"w-tabs-sections\"><div class=\"w-tabs-sections-h\"><div class=\"w-tabs-section with_icon\" id=\"1606383498527-f0c575ae-51a9\"><button aria-controls=\"content-1606383498527-f0c575ae-51a9\" class=\"w-tabs-section-header\" style=\"font-size:0.8rem\"><div class=\"w-tabs-section-header-h\"><i class=\"fas fa-download\"><\/i><div class=\"w-tabs-section-title\">Roboto<\/div><div class=\"w-tabs-section-control\"><\/div><\/div><\/button><div class=\"w-tabs-section-content\" id=\"content-1606383498527-f0c575ae-51a9\" aria-expanded=\"false\"><div class=\"w-tabs-section-content-h i-cf\"><div class=\"w-btn-wrapper width_auto align_left\"><a class=\"w-btn us-btn-style_3 us_custom_709151e1 icon_atleft\" target=\"_blank\" href=\"http:\/\/brandmanual.aufbau-nord.de\/wp-content\/uploads\/2026\/03\/Roboto.zip\" rel=\"noopener\"><i class=\"fas fa-download\"><\/i><span class=\"w-btn-label\">ZIP<\/span><\/a><\/div><\/div><\/div><\/div><div class=\"w-tabs-section with_icon\" id=\"1770323400265-a8cbdc01-13a0\"><button aria-controls=\"content-1770323400265-a8cbdc01-13a0\" class=\"w-tabs-section-header\" style=\"font-size:0.8rem\"><div class=\"w-tabs-section-header-h\"><i class=\"fas fa-download\"><\/i><div class=\"w-tabs-section-title\">Red Hat Display<\/div><div class=\"w-tabs-section-control\"><\/div><\/div><\/button><div class=\"w-tabs-section-content\" id=\"content-1770323400265-a8cbdc01-13a0\" aria-expanded=\"false\"><div class=\"w-tabs-section-content-h i-cf\"><div class=\"w-btn-wrapper width_auto align_left\"><a class=\"w-btn us-btn-style_3 us_custom_709151e1 icon_atleft\" target=\"_blank\" href=\"http:\/\/brandmanual.aufbau-nord.de\/wp-content\/uploads\/2026\/03\/Red_Hat_Display.zip\" rel=\"noopener\"><i class=\"fas fa-download\"><\/i><span class=\"w-btn-label\">ZIP<\/span><\/a><\/div><\/div><\/div><\/div><\/div><\/div><\/div><div class=\"w-separator size_small\"><\/div><div class=\"wpb_text_column\" ><div class=\"wpb_wrapper\"><h5>Austauschschriftart Arial<\/h5>\n<p>F\u00fcr offene Dokumente, die gemeinsam mit einem Kunden geschrieben werden oder die von einem Kunden fortgeschrieben werden, sollte anstelle der Roboto die Arial verwendet werden, da die Roboto auf vielen Computersystemen nicht von Haus aus installiert ist. Verwendet werdet soll die mit Windows mitgelieferte Version der Arial (von Monotype an Microsoft lizenziert).<\/p>\n<\/div><\/div><\/div><\/div><\/div><\/div><\/div><\/section>\n","protected":false},"excerpt":{"rendered":"Die Schriften Passend zu CONDIAS pr\u00e4sentiert sich unsere Hausschrift: Klar, modern, verbindlich. Roboto Red Hat Display Hausschriftarten &#8222;Roboto&#8220; &amp; &#8222;Red Hat Display&#8220; Die Typografie von CONDIAS verbindet technische Pr\u00e4zision mit moderner Klarheit. Sie basiert auf zwei komplement\u00e4ren Schriftfamilien, die klar definierte Aufgaben \u00fcbernehmen. Roboto wird als prim\u00e4re Flie\u00dftextschrift eingesetzt. In den Schnitten Light (300) und...","protected":false},"author":1,"featured_media":523,"parent":0,"menu_order":0,"comment_status":"closed","ping_status":"closed","template":"","meta":{"footnotes":""},"class_list":["post-1233","page","type-page","status-publish","has-post-thumbnail","hentry"],"_links":{"self":[{"href":"https:\/\/brandmanual.aufbau-nord.de\/index.php?rest_route=\/wp\/v2\/pages\/1233","targetHints":{"allow":["GET"]}}],"collection":[{"href":"https:\/\/brandmanual.aufbau-nord.de\/index.php?rest_route=\/wp\/v2\/pages"}],"about":[{"href":"https:\/\/brandmanual.aufbau-nord.de\/index.php?rest_route=\/wp\/v2\/types\/page"}],"author":[{"embeddable":true,"href":"https:\/\/brandmanual.aufbau-nord.de\/index.php?rest_route=\/wp\/v2\/users\/1"}],"replies":[{"embeddable":true,"href":"https:\/\/brandmanual.aufbau-nord.de\/index.php?rest_route=%2Fwp%2Fv2%2Fcomments&post=1233"}],"version-history":[{"count":10,"href":"https:\/\/brandmanual.aufbau-nord.de\/index.php?rest_route=\/wp\/v2\/pages\/1233\/revisions"}],"predecessor-version":[{"id":1485,"href":"https:\/\/brandmanual.aufbau-nord.de\/index.php?rest_route=\/wp\/v2\/pages\/1233\/revisions\/1485"}],"wp:featuredmedia":[{"embeddable":true,"href":"https:\/\/brandmanual.aufbau-nord.de\/index.php?rest_route=\/wp\/v2\/media\/523"}],"wp:attachment":[{"href":"https:\/\/brandmanual.aufbau-nord.de\/index.php?rest_route=%2Fwp%2Fv2%2Fmedia&parent=1233"}],"curies":[{"name":"wp","href":"https:\/\/api.w.org\/{rel}","templated":true}]}}