{"id":1231,"date":"2020-12-07T12:48:49","date_gmt":"2020-12-07T11:48:49","guid":{"rendered":"http:\/\/ci-portal.prey.local\/?page_id=1231"},"modified":"2026-02-05T21:20:13","modified_gmt":"2026-02-05T20:20:13","slug":"farben","status":"publish","type":"page","link":"https:\/\/brandmanual.aufbau-nord.de\/?page_id=1231","title":{"rendered":"Farben"},"content":{"rendered":"<section class=\"l-section wpb_row height_custom color_primary\"><div class=\"l-section-h i-cf\"><div class=\"g-cols vc_row type_default valign_top\"><div class=\"vc_col-sm-12 vc_col-lg-4 vc_col-md-12 vc_col-xs-12 wpb_column vc_column_container\"><div class=\"vc_column-inner\"><div class=\"wpb_wrapper\"><div class=\"wpb_text_column\" ><div class=\"wpb_wrapper\"><h1>Die Farben<\/h1>\n<\/div><\/div><\/div><\/div><\/div><div class=\"vc_col-sm-12 vc_col-lg-8 vc_col-md-12 vc_col-xs-12 wpb_column vc_column_container\"><div class=\"vc_column-inner\"><div class=\"wpb_wrapper\"><div class=\"wpb_text_column us_custom_a91f0dc9\" ><div class=\"wpb_wrapper\"><p>Wertigkeit, <span class=\"standardtext\">Vertrauen, Zuverl\u00e4ssigkeit<\/span>. CONDIAS Rot<br \/>\nist die Auszeichnungsfarbe in der Markenwelt von CONDIAS.<\/p>\n<\/div><\/div><\/div><\/div><\/div><\/div><\/div><\/section><section class=\"l-section wpb_row height_custom\"><div class=\"l-section-h i-cf\"><div class=\"g-cols vc_row type_default valign_top\"><div class=\"vc_col-sm-4 wpb_column vc_column_container\"><div class=\"vc_column-inner\"><div class=\"wpb_wrapper\"><div class=\"w-ibanner us_custom_fdf9d9b2 animation_aidos ratio_1x1 easing_ease\"><div class=\"w-ibanner-h\"><div class=\"w-ibanner-image\" style=\"background-image: url(https:\/\/brandmanual.aufbau-nord.de\/wp-content\/uploads\/2026\/02\/CONDIAS-rot.svg)\"><\/div><div class=\"w-ibanner-content\"><div class=\"w-ibanner-content-h\"><h4 class=\"w-ibanner-title\">CONDIAS Rot<\/h4><div class=\"w-ibanner-desc\"><p><b>RGB:<\/b> 200\/50\/40<br \/>\n<b>HEX:<\/b> #C83228<br \/>\n<b>CMYK:<\/b> 0\/90\/86\/0<br \/>\n<b>RAL:<\/b> XXX<br \/>\n<b>HKS:<\/b> XXX<br \/>\n<b>Pantone:<\/b> Red 032C<\/p>\n<\/div><\/div><\/div><\/div><\/div><div class=\"w-separator size_small\"><\/div><div class=\"w-ibanner us_custom_bc1d339c animation_aidos ratio_1x1 easing_ease\"><div class=\"w-ibanner-h\"><div class=\"w-ibanner-image\" style=\"background-image: url(https:\/\/brandmanual.aufbau-nord.de\/wp-content\/uploads\/2026\/02\/weiss.svg)\"><\/div><div class=\"w-ibanner-content\"><div class=\"w-ibanner-content-h\"><h4 class=\"w-ibanner-title\">Wei\u00df<\/h4><div class=\"w-ibanner-desc\"><p><b>RGB:<\/b> 255\/255\/255<br \/>\n<b>HEX:<\/b> #E3E3E3<br \/>\n<b>CMYK:<\/b>13\/9\/11\/0<br \/>\n<b>RAL:<\/b> 9006<br \/>\n<b>HKS:<\/b> 99K & N<br \/>\n<b>Pantone:<\/b> 877C & U<\/p>\n<\/div><\/div><\/div><\/div><\/div><div class=\"w-separator size_small\"><\/div><\/div><\/div><\/div><div class=\"vc_col-sm-4 wpb_column vc_column_container\"><div class=\"vc_column-inner\"><div class=\"wpb_wrapper\"><div class=\"w-ibanner us_custom_fdf9d9b2 animation_aidos ratio_1x1 easing_ease\"><div class=\"w-ibanner-h\"><div class=\"w-ibanner-image\" style=\"background-image: url(https:\/\/brandmanual.aufbau-nord.de\/wp-content\/uploads\/2026\/02\/schwarz.svg)\"><\/div><div class=\"w-ibanner-content\"><div class=\"w-ibanner-content-h\"><h4 class=\"w-ibanner-title\">Schwarz<\/h4><div class=\"w-ibanner-desc\"><p><b>RGB:<\/b> 00\/00\/00<br \/>\n<b>HEX:<\/b> #000000<br \/>\n<b>CMYK:<\/b>60\/40\/40\/100<br \/>\n<b>RAL:<\/b> 5011<br \/>\n<b>HKS:<\/b> 38K & N<br \/>\n<b>Pantone:<\/b> 2380C & U<\/p>\n<\/div><\/div><\/div><\/div><\/div><div class=\"w-separator size_small\"><\/div><div class=\"w-ibanner us_custom_90eb47e9 animation_aidos ratio_1x1 easing_ease\"><div class=\"w-ibanner-h\"><div class=\"w-ibanner-image\" style=\"background-image: url(https:\/\/brandmanual.aufbau-nord.de\/wp-content\/uploads\/2020\/12\/Telegrau.svg)\"><\/div><div class=\"w-ibanner-content\"><div class=\"w-ibanner-content-h\"><h4 class=\"w-ibanner-title\">CONDIAS Grau<\/h4><div class=\"w-ibanner-desc\"><p><b>RGB:<\/b> 51\/51\/51<br \/>\n<b>HEX:<\/b> #333333<br \/>\n<b>CMYK:<\/b>0\/0\/0\/93<br \/>\n<b>RAL:<\/b> 7021<br \/>\n<b>HKS:<\/b> 88K & N<br \/>\n<b>Pantone:<\/b> 432C \/ 433U<\/p>\n<\/div><\/div><\/div><\/div><\/div><div class=\"w-separator size_small\"><\/div><\/div><\/div><\/div><div class=\"vc_col-sm-4 wpb_column vc_column_container\"><div class=\"vc_column-inner\"><div class=\"wpb_wrapper\"><div class=\"wpb_text_column\" ><div class=\"wpb_wrapper\"><p data-start=\"255\" data-end=\"567\">Die visuelle Identit\u00e4t von CONDIAS basiert auf einer klaren, reduzierten Farbwelt. Zentrales Element ist das leuchtende <strong data-start=\"375\" data-end=\"390\">CONDIAS Rot<\/strong>, das als pr\u00e4gnanter Akzent eingesetzt wird und f\u00fcr Energie, Entschlossenheit und technologische St\u00e4rke steht. Es sorgt f\u00fcr Wiedererkennbarkeit und lenkt gezielt Aufmerksamkeit.<\/p>\n<p data-start=\"569\" data-end=\"900\">Erg\u00e4nzt wird das Rot durch gro\u00dfz\u00fcgige <strong data-start=\"607\" data-end=\"622\">Wei\u00dffl\u00e4chen<\/strong>, die Ruhe, Struktur und \u00dcbersichtlichkeit schaffen. <strong data-start=\"675\" data-end=\"686\">Schwarz<\/strong> und ein <strong data-start=\"695\" data-end=\"713\">mittleres Grau<\/strong> dienen als funktionale Farben f\u00fcr Typografie, Linien und grafische Elemente. Sie unterst\u00fctzen die Lesbarkeit und bilden einen souver\u00e4nen, sachlichen Gegenpol zur expressiven Akzentfarbe.<\/p>\n<p data-start=\"902\" data-end=\"1122\">Die Farbgestaltung folgt dem Prinzip der Zur\u00fcckhaltung: CONDIAS Rot wird bewusst eingesetzt, w\u00e4hrend Wei\u00df, Schwarz und Grau den gestalterischen Rahmen bilden und der Marke ein klares, modernes Erscheinungsbild verleihen.<\/p>\n<\/div><\/div><div class=\"w-tabs style_default switch_click accordion title_atleft icon_chevron iconpos_right\"><div class=\"w-tabs-sections\"><div class=\"w-tabs-sections-h\"><div class=\"w-tabs-section with_icon\" id=\"1606383498527-f0c575ae-51a9\"><button aria-controls=\"content-1606383498527-f0c575ae-51a9\" class=\"w-tabs-section-header\" style=\"font-size:0.8rem\"><div class=\"w-tabs-section-header-h\"><i class=\"fas fa-download\"><\/i><div class=\"w-tabs-section-title\">CONDIAS Farbtabelle f\u00fcr Adobe Produkte<\/div><div class=\"w-tabs-section-control\"><\/div><\/div><\/button><div class=\"w-tabs-section-content\" id=\"content-1606383498527-f0c575ae-51a9\" aria-expanded=\"false\"><div class=\"w-tabs-section-content-h i-cf\"><div class=\"w-btn-wrapper width_auto align_left\"><a class=\"w-btn us-btn-style_3 us_custom_709151e1 icon_atleft\" target=\"_blank\" href=\"http:\/\/brandmanual.aufbau-nord.de\/wp-content\/uploads\/2021\/01\/PREY-Farbtabelle.ase\" rel=\"noopener\"><i class=\"fas fa-download\"><\/i><span class=\"w-btn-label\">ASE<\/span><\/a><\/div><\/div><\/div><\/div><\/div><\/div><\/div><\/div><\/div><\/div><\/div><\/div><\/section>\n","protected":false},"excerpt":{"rendered":"Die Farben Wertigkeit, Vertrauen, Zuverl\u00e4ssigkeit. CONDIAS Rot ist die Auszeichnungsfarbe in der Markenwelt von CONDIAS. CONDIAS RotRGB: 200\/50\/40 HEX: #C83228 CMYK: 0\/90\/86\/0 RAL: XXX HKS: XXX Pantone: Red 032C Wei\u00dfRGB: 255\/255\/255 HEX: #E3E3E3 CMYK:13\/9\/11\/0 RAL: 9006 HKS: 99K & N Pantone: 877C & U SchwarzRGB: 00\/00\/00 HEX: #000000 CMYK:60\/40\/40\/100 RAL: 5011 HKS: 38K & N...","protected":false},"author":1,"featured_media":523,"parent":0,"menu_order":0,"comment_status":"closed","ping_status":"closed","template":"","meta":{"footnotes":""},"class_list":["post-1231","page","type-page","status-publish","has-post-thumbnail","hentry"],"_links":{"self":[{"href":"https:\/\/brandmanual.aufbau-nord.de\/index.php?rest_route=\/wp\/v2\/pages\/1231","targetHints":{"allow":["GET"]}}],"collection":[{"href":"https:\/\/brandmanual.aufbau-nord.de\/index.php?rest_route=\/wp\/v2\/pages"}],"about":[{"href":"https:\/\/brandmanual.aufbau-nord.de\/index.php?rest_route=\/wp\/v2\/types\/page"}],"author":[{"embeddable":true,"href":"https:\/\/brandmanual.aufbau-nord.de\/index.php?rest_route=\/wp\/v2\/users\/1"}],"replies":[{"embeddable":true,"href":"https:\/\/brandmanual.aufbau-nord.de\/index.php?rest_route=%2Fwp%2Fv2%2Fcomments&post=1231"}],"version-history":[{"count":10,"href":"https:\/\/brandmanual.aufbau-nord.de\/index.php?rest_route=\/wp\/v2\/pages\/1231\/revisions"}],"predecessor-version":[{"id":1467,"href":"https:\/\/brandmanual.aufbau-nord.de\/index.php?rest_route=\/wp\/v2\/pages\/1231\/revisions\/1467"}],"wp:featuredmedia":[{"embeddable":true,"href":"https:\/\/brandmanual.aufbau-nord.de\/index.php?rest_route=\/wp\/v2\/media\/523"}],"wp:attachment":[{"href":"https:\/\/brandmanual.aufbau-nord.de\/index.php?rest_route=%2Fwp%2Fv2%2Fmedia&parent=1231"}],"curies":[{"name":"wp","href":"https:\/\/api.w.org\/{rel}","templated":true}]}}